{"id":20566,"date":"2024-03-14T16:20:30","date_gmt":"2024-03-14T16:20:30","guid":{"rendered":"https:\/\/pergaminho.design\/?post_type=product&#038;p=20507"},"modified":"2024-04-20T16:51:42","modified_gmt":"2024-04-20T16:51:42","slug":"amote-mae","status":"publish","type":"product","link":"https:\/\/pergaminho.design\/en\/product\/amote-mae\/","title":{"rendered":"Amo-te M\u00e3e"},"content":{"rendered":"<p><strong>Tempo de produ\u00e7\u00e3o:<\/strong> 1 a 2 dias \u00fateis<br \/>\n<strong>Tamanho:<\/strong> 13\u00d718 cm<br \/>\n<strong>Outros:<\/strong> Envelope incluido<\/p>","protected":false},"excerpt":{"rendered":"<p class=\"p1\">Surpreenda a sua M\u00e3e com um postal \u00fanico e especial. \u201cAmo-te M\u00e3e\u201d \u00e9 um postal com um fundo amarelo e com uma esp\u00e9cie de pe\u00e7as do jogo Scrabble em tons pastel, onde a frase formada \u00e9: \u201cAmo-te M\u00e3e\u201d.<\/p>","protected":false},"featured_media":20835,"comment_status":"closed","ping_status":"closed","template":"","meta":{"_acf_changed":false},"product_brand":[],"product_cat":[314,267],"product_tag":[],"class_list":{"0":"post-20566","1":"product","2":"type-product","3":"status-publish","4":"has-post-thumbnail","6":"product_cat-mae","7":"product_cat-postais-tematicos","9":"first","10":"instock","11":"shipping-taxable","12":"purchasable","13":"product-type-simple"},"acf":[],"tiered_pricing_type":"fixed","tiered_pricing_fixed_rules":[],"tiered_pricing_product_settings":{"layout":"default","base_unit_name":{"singular":null,"plural":null},"default_variation":null},"tiered_pricing_minimum_quantity":null,"tiered_pricing_roles_data":[],"tiered_pricing_percentage_rules":[],"_links":{"self":[{"href":"https:\/\/pergaminho.design\/en\/wp-json\/wp\/v2\/product\/20566","targetHints":{"allow":["GET"]}}],"collection":[{"href":"https:\/\/pergaminho.design\/en\/wp-json\/wp\/v2\/product"}],"about":[{"href":"https:\/\/pergaminho.design\/en\/wp-json\/wp\/v2\/types\/product"}],"replies":[{"embeddable":true,"href":"https:\/\/pergaminho.design\/en\/wp-json\/wp\/v2\/comments?post=20566"}],"version-history":[{"count":2,"href":"https:\/\/pergaminho.design\/en\/wp-json\/wp\/v2\/product\/20566\/revisions"}],"predecessor-version":[{"id":27121,"href":"https:\/\/pergaminho.design\/en\/wp-json\/wp\/v2\/product\/20566\/revisions\/27121"}],"wp:featuredmedia":[{"embeddable":true,"href":"https:\/\/pergaminho.design\/en\/wp-json\/wp\/v2\/media\/20835"}],"wp:attachment":[{"href":"https:\/\/pergaminho.design\/en\/wp-json\/wp\/v2\/media?parent=20566"}],"wp:term":[{"taxonomy":"product_brand","embeddable":true,"href":"https:\/\/pergaminho.design\/en\/wp-json\/wp\/v2\/product_brand?post=20566"},{"taxonomy":"product_cat","embeddable":true,"href":"https:\/\/pergaminho.design\/en\/wp-json\/wp\/v2\/product_cat?post=20566"},{"taxonomy":"product_tag","embeddable":true,"href":"https:\/\/pergaminho.design\/en\/wp-json\/wp\/v2\/product_tag?post=20566"}],"curies":[{"name":"wp","href":"https:\/\/api.w.org\/{rel}","templated":true}]}}