{"id":16536,"date":"2023-01-24T18:51:52","date_gmt":"2023-01-24T18:51:52","guid":{"rendered":"https:\/\/pergaminho.design\/?post_type=product&#038;p=16536"},"modified":"2024-04-20T16:23:19","modified_gmt":"2024-04-20T16:23:19","slug":"love-envelope","status":"publish","type":"product","link":"https:\/\/pergaminho.design\/en\/product\/love-envelope\/","title":{"rendered":"Love Envelope"},"content":{"rendered":"<p><strong>Tempo de produ\u00e7\u00e3o:<\/strong> 1 a 2 dias \u00fateis<br \/>\n<strong>Tamanho:<\/strong> 13\u00d718 cm<br \/>\n<strong>Outros:<\/strong> Envelope incluido<\/p>","protected":false},"excerpt":{"rendered":"<p>Surpreenda o seu amor com um postal \u00fanico e especial. \u201cLove Envelope\u201d \u00e9 um postal especial com um design elegante e moderno. A ilustra\u00e7\u00e3o mostra um envelope com cora\u00e7\u00f5es de v\u00e1rias cores a sair do interior, simbolizando a variedade e a intensidade dos sentimentos de amor.<\/p>","protected":false},"featured_media":20911,"comment_status":"closed","ping_status":"closed","template":"","meta":{"_acf_changed":false},"product_brand":[],"product_cat":[307,267],"product_tag":[],"class_list":{"0":"post-16536","1":"product","2":"type-product","3":"status-publish","4":"has-post-thumbnail","6":"product_cat-love","7":"product_cat-postais-tematicos","9":"first","10":"instock","11":"shipping-taxable","12":"purchasable","13":"product-type-simple"},"acf":[],"tiered_pricing_type":"fixed","tiered_pricing_fixed_rules":[],"tiered_pricing_product_settings":{"layout":"default","base_unit_name":{"singular":null,"plural":null},"default_variation":null},"tiered_pricing_minimum_quantity":null,"tiered_pricing_roles_data":[],"tiered_pricing_percentage_rules":[],"_links":{"self":[{"href":"https:\/\/pergaminho.design\/en\/wp-json\/wp\/v2\/product\/16536","targetHints":{"allow":["GET"]}}],"collection":[{"href":"https:\/\/pergaminho.design\/en\/wp-json\/wp\/v2\/product"}],"about":[{"href":"https:\/\/pergaminho.design\/en\/wp-json\/wp\/v2\/types\/product"}],"replies":[{"embeddable":true,"href":"https:\/\/pergaminho.design\/en\/wp-json\/wp\/v2\/comments?post=16536"}],"version-history":[{"count":2,"href":"https:\/\/pergaminho.design\/en\/wp-json\/wp\/v2\/product\/16536\/revisions"}],"predecessor-version":[{"id":27066,"href":"https:\/\/pergaminho.design\/en\/wp-json\/wp\/v2\/product\/16536\/revisions\/27066"}],"wp:featuredmedia":[{"embeddable":true,"href":"https:\/\/pergaminho.design\/en\/wp-json\/wp\/v2\/media\/20911"}],"wp:attachment":[{"href":"https:\/\/pergaminho.design\/en\/wp-json\/wp\/v2\/media?parent=16536"}],"wp:term":[{"taxonomy":"product_brand","embeddable":true,"href":"https:\/\/pergaminho.design\/en\/wp-json\/wp\/v2\/product_brand?post=16536"},{"taxonomy":"product_cat","embeddable":true,"href":"https:\/\/pergaminho.design\/en\/wp-json\/wp\/v2\/product_cat?post=16536"},{"taxonomy":"product_tag","embeddable":true,"href":"https:\/\/pergaminho.design\/en\/wp-json\/wp\/v2\/product_tag?post=16536"}],"curies":[{"name":"wp","href":"https:\/\/api.w.org\/{rel}","templated":true}]}}