{"id":16513,"date":"2023-01-24T18:23:04","date_gmt":"2023-01-24T18:23:04","guid":{"rendered":"https:\/\/pergaminho.design\/?post_type=product&#038;p=16513"},"modified":"2024-04-20T16:17:26","modified_gmt":"2024-04-20T16:17:26","slug":"com-amor","status":"publish","type":"product","link":"https:\/\/pergaminho.design\/en\/product\/com-amor\/","title":{"rendered":"Com Amor"},"content":{"rendered":"<p><strong>Tempo de produ\u00e7\u00e3o:<\/strong> 1 a 2 dias \u00fateis<br \/>\n<strong>Tamanho:<\/strong> 13\u00d718 cm<br \/>\n<strong>Outros:<\/strong> Envelope incluido<\/p>","protected":false},"excerpt":{"rendered":"<p>Surpreenda o seu amor com um postal \u00fanico e especial. \u201cCom Amor\u201d \u00e9 um postal amoroso que apresenta uma ilustra\u00e7\u00e3o de um arco-\u00edris e uma chuva de cora\u00e7\u00f5es. Uma combina\u00e7\u00e3o perfeita de cores em tons terra que criam uma harmonia natural e rom\u00e2ntica entre os elementos. O arco-\u00edris simboliza a beleza e a diversidade do amor, enquanto a chuva de cora\u00e7\u00f5es representa a intensidade e profundidade dos sentimentos.<\/p>","protected":false},"featured_media":20937,"comment_status":"closed","ping_status":"closed","template":"","meta":{"_acf_changed":false},"product_brand":[],"product_cat":[307,267],"product_tag":[],"class_list":{"0":"post-16513","1":"product","2":"type-product","3":"status-publish","4":"has-post-thumbnail","6":"product_cat-love","7":"product_cat-postais-tematicos","9":"first","10":"instock","11":"shipping-taxable","12":"purchasable","13":"product-type-simple"},"acf":[],"tiered_pricing_type":"fixed","tiered_pricing_fixed_rules":[],"tiered_pricing_product_settings":{"layout":"default","base_unit_name":{"singular":null,"plural":null},"default_variation":null},"tiered_pricing_minimum_quantity":null,"tiered_pricing_roles_data":[],"tiered_pricing_percentage_rules":[],"_links":{"self":[{"href":"https:\/\/pergaminho.design\/en\/wp-json\/wp\/v2\/product\/16513","targetHints":{"allow":["GET"]}}],"collection":[{"href":"https:\/\/pergaminho.design\/en\/wp-json\/wp\/v2\/product"}],"about":[{"href":"https:\/\/pergaminho.design\/en\/wp-json\/wp\/v2\/types\/product"}],"replies":[{"embeddable":true,"href":"https:\/\/pergaminho.design\/en\/wp-json\/wp\/v2\/comments?post=16513"}],"version-history":[{"count":4,"href":"https:\/\/pergaminho.design\/en\/wp-json\/wp\/v2\/product\/16513\/revisions"}],"predecessor-version":[{"id":27054,"href":"https:\/\/pergaminho.design\/en\/wp-json\/wp\/v2\/product\/16513\/revisions\/27054"}],"wp:featuredmedia":[{"embeddable":true,"href":"https:\/\/pergaminho.design\/en\/wp-json\/wp\/v2\/media\/20937"}],"wp:attachment":[{"href":"https:\/\/pergaminho.design\/en\/wp-json\/wp\/v2\/media?parent=16513"}],"wp:term":[{"taxonomy":"product_brand","embeddable":true,"href":"https:\/\/pergaminho.design\/en\/wp-json\/wp\/v2\/product_brand?post=16513"},{"taxonomy":"product_cat","embeddable":true,"href":"https:\/\/pergaminho.design\/en\/wp-json\/wp\/v2\/product_cat?post=16513"},{"taxonomy":"product_tag","embeddable":true,"href":"https:\/\/pergaminho.design\/en\/wp-json\/wp\/v2\/product_tag?post=16513"}],"curies":[{"name":"wp","href":"https:\/\/api.w.org\/{rel}","templated":true}]}}