{"id":15865,"date":"2022-11-28T15:46:44","date_gmt":"2022-11-28T15:46:44","guid":{"rendered":"https:\/\/pergaminho.design\/?post_type=product&#038;p=15865"},"modified":"2025-12-22T08:58:07","modified_gmt":"2025-12-22T08:58:07","slug":"milestones-de-cartao","status":"publish","type":"product","link":"https:\/\/pergaminho.design\/en\/product\/milestones-de-cartao\/","title":{"rendered":"Milestones de Cart\u00e3o"},"content":{"rendered":"<p><strong>Tempo de produ\u00e7\u00e3o:<\/strong> 1 a 2 dias \u00fateis<br \/>\n<strong>Material:<\/strong> Cart\u00e3o com revestimento de pl\u00e1stico ( para que o cart\u00e3o n\u00e3o se desfa\u00e7a caso o seu beb\u00e9 os leve \u00e0 boca)<br \/>\n<strong>Dimens\u00e3o:<\/strong> 13x18cm<br \/>\n<strong>Cont\u00e9m:<\/strong> Caixa com 12 cart\u00f5es personalizadas na frente e no verso<\/p>","protected":false},"excerpt":{"rendered":"<p>Os milestones s\u00e3o o acess\u00f3rio ideal para fotografar o crescimento do beb\u00e9 durante os primeiros doze meses.<\/p>","protected":false},"featured_media":21330,"comment_status":"closed","ping_status":"closed","template":"","meta":{"_acf_changed":false},"product_brand":[],"product_cat":[250,154],"product_tag":[130,153,127],"class_list":{"0":"post-15865","1":"product","2":"type-product","3":"status-publish","4":"has-post-thumbnail","6":"product_cat-milestones-bebe","7":"product_cat-bebes-e-mamas","8":"product_tag-adereco","9":"product_tag-bebe","10":"product_tag-acessorio","12":"first","13":"instock","14":"shipping-taxable","15":"purchasable","16":"product-type-simple"},"acf":[],"tiered_pricing_type":"fixed","tiered_pricing_fixed_rules":[],"tiered_pricing_product_settings":{"layout":"default","base_unit_name":{"singular":null,"plural":null},"default_variation":null},"tiered_pricing_minimum_quantity":null,"tiered_pricing_roles_data":[],"tiered_pricing_percentage_rules":[],"_links":{"self":[{"href":"https:\/\/pergaminho.design\/en\/wp-json\/wp\/v2\/product\/15865","targetHints":{"allow":["GET"]}}],"collection":[{"href":"https:\/\/pergaminho.design\/en\/wp-json\/wp\/v2\/product"}],"about":[{"href":"https:\/\/pergaminho.design\/en\/wp-json\/wp\/v2\/types\/product"}],"replies":[{"embeddable":true,"href":"https:\/\/pergaminho.design\/en\/wp-json\/wp\/v2\/comments?post=15865"}],"version-history":[{"count":4,"href":"https:\/\/pergaminho.design\/en\/wp-json\/wp\/v2\/product\/15865\/revisions"}],"predecessor-version":[{"id":33070,"href":"https:\/\/pergaminho.design\/en\/wp-json\/wp\/v2\/product\/15865\/revisions\/33070"}],"wp:featuredmedia":[{"embeddable":true,"href":"https:\/\/pergaminho.design\/en\/wp-json\/wp\/v2\/media\/21330"}],"wp:attachment":[{"href":"https:\/\/pergaminho.design\/en\/wp-json\/wp\/v2\/media?parent=15865"}],"wp:term":[{"taxonomy":"product_brand","embeddable":true,"href":"https:\/\/pergaminho.design\/en\/wp-json\/wp\/v2\/product_brand?post=15865"},{"taxonomy":"product_cat","embeddable":true,"href":"https:\/\/pergaminho.design\/en\/wp-json\/wp\/v2\/product_cat?post=15865"},{"taxonomy":"product_tag","embeddable":true,"href":"https:\/\/pergaminho.design\/en\/wp-json\/wp\/v2\/product_tag?post=15865"}],"curies":[{"name":"wp","href":"https:\/\/api.w.org\/{rel}","templated":true}]}}