{"id":14879,"date":"2022-05-26T10:48:29","date_gmt":"2022-05-26T10:48:29","guid":{"rendered":"https:\/\/pergaminho.design\/?post_type=product&#038;p=14879"},"modified":"2026-03-27T14:16:46","modified_gmt":"2026-03-27T14:16:46","slug":"placa-de-boas-vindas-madeira","status":"publish","type":"product","link":"https:\/\/pergaminho.design\/en\/product\/placa-de-boas-vindas-madeira\/","title":{"rendered":"Placa de Boas-Vindas &#8211; Madeira"},"content":{"rendered":"<p><strong>Tempo de produ\u00e7\u00e3o:<\/strong> 10 a 12 dias \u00fateis<br \/>\n<strong>Tamanho:<\/strong> 50x75cm ou 75x50cm<br \/>\n<strong>Material:<\/strong> Madeira de B\u00e9tula com colora\u00e7\u00e3o e impress\u00e3o direta a cor branca<br \/>\n<strong>Orienta\u00e7\u00e3o:<\/strong> vertical ou horizontal<\/p>","protected":false},"excerpt":{"rendered":"<p>A forma mais especial para receber os seus convidados no dia do seu casamento! A Placa de Boas-Vindas em Madeira \u00e9 uma das tend\u00eancias que veio para ficar e conquistar todos os olhares.<\/p>","protected":false},"featured_media":27193,"comment_status":"closed","ping_status":"closed","template":"","meta":{"_acf_changed":false},"product_brand":[],"product_cat":[262,261],"product_tag":[],"class_list":{"0":"post-14879","1":"product","2":"type-product","3":"status-publish","4":"has-post-thumbnail","6":"product_cat-placas-de-boas-vindas","7":"product_cat-sinaletica","9":"first","10":"instock","11":"shipping-taxable","12":"purchasable","13":"product-type-simple"},"acf":[],"tiered_pricing_type":"fixed","tiered_pricing_fixed_rules":[],"tiered_pricing_product_settings":{"layout":"default","base_unit_name":{"singular":null,"plural":null},"default_variation":null},"tiered_pricing_minimum_quantity":null,"tiered_pricing_roles_data":[],"tiered_pricing_percentage_rules":[],"_links":{"self":[{"href":"https:\/\/pergaminho.design\/en\/wp-json\/wp\/v2\/product\/14879","targetHints":{"allow":["GET"]}}],"collection":[{"href":"https:\/\/pergaminho.design\/en\/wp-json\/wp\/v2\/product"}],"about":[{"href":"https:\/\/pergaminho.design\/en\/wp-json\/wp\/v2\/types\/product"}],"replies":[{"embeddable":true,"href":"https:\/\/pergaminho.design\/en\/wp-json\/wp\/v2\/comments?post=14879"}],"version-history":[{"count":3,"href":"https:\/\/pergaminho.design\/en\/wp-json\/wp\/v2\/product\/14879\/revisions"}],"predecessor-version":[{"id":26915,"href":"https:\/\/pergaminho.design\/en\/wp-json\/wp\/v2\/product\/14879\/revisions\/26915"}],"wp:featuredmedia":[{"embeddable":true,"href":"https:\/\/pergaminho.design\/en\/wp-json\/wp\/v2\/media\/27193"}],"wp:attachment":[{"href":"https:\/\/pergaminho.design\/en\/wp-json\/wp\/v2\/media?parent=14879"}],"wp:term":[{"taxonomy":"product_brand","embeddable":true,"href":"https:\/\/pergaminho.design\/en\/wp-json\/wp\/v2\/product_brand?post=14879"},{"taxonomy":"product_cat","embeddable":true,"href":"https:\/\/pergaminho.design\/en\/wp-json\/wp\/v2\/product_cat?post=14879"},{"taxonomy":"product_tag","embeddable":true,"href":"https:\/\/pergaminho.design\/en\/wp-json\/wp\/v2\/product_tag?post=14879"}],"curies":[{"name":"wp","href":"https:\/\/api.w.org\/{rel}","templated":true}]}}