{"id":14478,"date":"2022-05-26T09:25:20","date_gmt":"2022-05-26T09:25:20","guid":{"rendered":"https:\/\/pergaminho.design\/?post_type=product&#038;p=14478"},"modified":"2025-12-03T15:22:00","modified_gmt":"2025-12-03T15:22:00","slug":"moldura-bebe-nuvem-arco-iris","status":"publish","type":"product","link":"https:\/\/pergaminho.design\/en\/product\/moldura-bebe-nuvem-arco-iris\/","title":{"rendered":"Moldura Beb\u00e9 &#8211; Nuvem\/Arco \u00cdris"},"content":{"rendered":"<p><strong>Tempo de produ\u00e7\u00e3o:<\/strong> 8 a 10 dias \u00fateis<br \/>\n<strong>Material:<\/strong> Madeira e papel algod\u00e3o<br \/>\n<strong>Dimens\u00e3o:<\/strong> 30x40cm, 45\u00d760, 50\u00d770<br \/>\n<strong>Cores da moldura:<\/strong> Madeira Natural ou Branco<\/p>","protected":false},"excerpt":{"rendered":"<p>A Moldura de Beb\u00e9 personalizada \u00e9 a melhor forma de registar um momento t\u00e3o importante como o nascimento de um beb\u00e9.<\/p>","protected":false},"featured_media":24152,"comment_status":"open","ping_status":"closed","template":"","meta":{"_acf_changed":false},"product_brand":[],"product_cat":[154,270],"product_tag":[],"class_list":{"0":"post-14478","1":"product","2":"type-product","3":"status-publish","4":"has-post-thumbnail","6":"product_cat-bebes-e-mamas","7":"product_cat-quadro-nascimento","9":"first","10":"instock","11":"sale","12":"shipping-taxable","13":"purchasable","14":"product-type-variable"},"acf":[],"tiered_pricing_type":"fixed","tiered_pricing_fixed_rules":[],"tiered_pricing_product_settings":{"layout":"default","base_unit_name":{"singular":null,"plural":null},"default_variation":null},"tiered_pricing_minimum_quantity":null,"tiered_pricing_roles_data":[],"tiered_pricing_percentage_rules":[],"_links":{"self":[{"href":"https:\/\/pergaminho.design\/en\/wp-json\/wp\/v2\/product\/14478","targetHints":{"allow":["GET"]}}],"collection":[{"href":"https:\/\/pergaminho.design\/en\/wp-json\/wp\/v2\/product"}],"about":[{"href":"https:\/\/pergaminho.design\/en\/wp-json\/wp\/v2\/types\/product"}],"replies":[{"embeddable":true,"href":"https:\/\/pergaminho.design\/en\/wp-json\/wp\/v2\/comments?post=14478"}],"version-history":[{"count":3,"href":"https:\/\/pergaminho.design\/en\/wp-json\/wp\/v2\/product\/14478\/revisions"}],"predecessor-version":[{"id":32900,"href":"https:\/\/pergaminho.design\/en\/wp-json\/wp\/v2\/product\/14478\/revisions\/32900"}],"wp:featuredmedia":[{"embeddable":true,"href":"https:\/\/pergaminho.design\/en\/wp-json\/wp\/v2\/media\/24152"}],"wp:attachment":[{"href":"https:\/\/pergaminho.design\/en\/wp-json\/wp\/v2\/media?parent=14478"}],"wp:term":[{"taxonomy":"product_brand","embeddable":true,"href":"https:\/\/pergaminho.design\/en\/wp-json\/wp\/v2\/product_brand?post=14478"},{"taxonomy":"product_cat","embeddable":true,"href":"https:\/\/pergaminho.design\/en\/wp-json\/wp\/v2\/product_cat?post=14478"},{"taxonomy":"product_tag","embeddable":true,"href":"https:\/\/pergaminho.design\/en\/wp-json\/wp\/v2\/product_tag?post=14478"}],"curies":[{"name":"wp","href":"https:\/\/api.w.org\/{rel}","templated":true}]}}