{"id":14082,"date":"2022-04-21T13:28:21","date_gmt":"2022-04-21T13:28:21","guid":{"rendered":"https:\/\/pergaminho.design\/?post_type=product&#038;p=14082"},"modified":"2026-03-27T14:28:56","modified_gmt":"2026-03-27T14:28:56","slug":"caixa-de-cartoes-madeira","status":"publish","type":"product","link":"https:\/\/pergaminho.design\/en\/product\/caixa-de-cartoes-madeira\/","title":{"rendered":"Caixa de Cart\u00f5es &#8211; Madeira"},"content":{"rendered":"<p><strong>Tempo de produ\u00e7\u00e3o:<\/strong> 12 a 15 Dias \u00fateis<br \/>\n<strong>Material:<\/strong> Madeira<br \/>\n<strong>Dimens\u00e3o:<\/strong> 10x15cm<br \/>\n<strong>Cor:<\/strong> Madeira com colora\u00e7\u00e3o nogal<\/p>","protected":false},"excerpt":{"rendered":"<p>A Caixa de Cart\u00f5es de Agradecimento \u00e9 uma alternativa ao tradicional livro de honra. \u00c9 \u00f3timo para os noivos que procuram algo diferente para o dia do seu casamento.<\/p>","protected":false},"featured_media":33199,"comment_status":"closed","ping_status":"closed","template":"","meta":{"_acf_changed":false},"product_brand":[],"product_cat":[263],"product_tag":[162],"class_list":{"0":"post-14082","1":"product","2":"type-product","3":"status-publish","4":"has-post-thumbnail","6":"product_cat-caixas-de-mensagens","7":"product_tag-caixa-madeira","9":"first","10":"instock","11":"shipping-taxable","12":"purchasable","13":"product-type-simple"},"acf":[],"tiered_pricing_type":"fixed","tiered_pricing_fixed_rules":[],"tiered_pricing_product_settings":{"layout":"default","base_unit_name":{"singular":null,"plural":null},"default_variation":null},"tiered_pricing_minimum_quantity":null,"tiered_pricing_roles_data":[],"tiered_pricing_percentage_rules":[],"_links":{"self":[{"href":"https:\/\/pergaminho.design\/en\/wp-json\/wp\/v2\/product\/14082","targetHints":{"allow":["GET"]}}],"collection":[{"href":"https:\/\/pergaminho.design\/en\/wp-json\/wp\/v2\/product"}],"about":[{"href":"https:\/\/pergaminho.design\/en\/wp-json\/wp\/v2\/types\/product"}],"replies":[{"embeddable":true,"href":"https:\/\/pergaminho.design\/en\/wp-json\/wp\/v2\/comments?post=14082"}],"version-history":[{"count":4,"href":"https:\/\/pergaminho.design\/en\/wp-json\/wp\/v2\/product\/14082\/revisions"}],"predecessor-version":[{"id":29728,"href":"https:\/\/pergaminho.design\/en\/wp-json\/wp\/v2\/product\/14082\/revisions\/29728"}],"wp:featuredmedia":[{"embeddable":true,"href":"https:\/\/pergaminho.design\/en\/wp-json\/wp\/v2\/media\/33199"}],"wp:attachment":[{"href":"https:\/\/pergaminho.design\/en\/wp-json\/wp\/v2\/media?parent=14082"}],"wp:term":[{"taxonomy":"product_brand","embeddable":true,"href":"https:\/\/pergaminho.design\/en\/wp-json\/wp\/v2\/product_brand?post=14082"},{"taxonomy":"product_cat","embeddable":true,"href":"https:\/\/pergaminho.design\/en\/wp-json\/wp\/v2\/product_cat?post=14082"},{"taxonomy":"product_tag","embeddable":true,"href":"https:\/\/pergaminho.design\/en\/wp-json\/wp\/v2\/product_tag?post=14082"}],"curies":[{"name":"wp","href":"https:\/\/api.w.org\/{rel}","templated":true}]}}