{"id":14042,"date":"2022-02-21T08:22:08","date_gmt":"2022-02-21T08:22:08","guid":{"rendered":"https:\/\/pergaminho.design\/?post_type=product&#038;p=14042"},"modified":"2026-02-05T10:36:06","modified_gmt":"2026-02-05T10:36:06","slug":"diario-do-bebe","status":"publish","type":"product","link":"https:\/\/pergaminho.design\/en\/product\/diario-do-bebe\/","title":{"rendered":"Di\u00e1rio do Beb\u00e9"},"content":{"rendered":"<p class=\"p1\"><strong>Tempo de produ\u00e7\u00e3o:<\/strong> 1 a 2 dias \u00fateis<br \/>\n<strong>Encaderna\u00e7\u00e3o:<\/strong> Argolas douradas<br \/>\n<strong>Capa:<\/strong> R\u00edgida personalizada com uma impress\u00e3o em foil dourado<br \/>\n<strong>Dimens\u00e3o:<\/strong> A5<br \/>\n<strong>N\u00ba de P\u00e1ginas: <\/strong>100<br \/>\n<strong>Separadores:<\/strong> Primeiro ano; Os primeiros; Os favoritos;<\/p>","protected":false},"excerpt":{"rendered":"<p>O meu Di\u00e1rio do Beb\u00e9 trata-se de um produto que funciona como um guia pr\u00e1tico para acompanhar o crescimento e registar os principais momentos da vida do Beb\u00e9. Este di\u00e1rio vai acompanhar todos os momentos especiais do crescimento do seu beb\u00e9.<\/p>","protected":false},"featured_media":35882,"comment_status":"closed","ping_status":"closed","template":"","meta":{"_acf_changed":false},"product_brand":[],"product_cat":[134,154],"product_tag":[218,254,287,131,169,189],"class_list":{"0":"post-14042","1":"product","2":"type-product","3":"status-publish","4":"has-post-thumbnail","6":"product_cat-agendas","7":"product_cat-bebes-e-mamas","8":"product_tag-inspiracao","9":"product_tag-organizacao","10":"product_tag-timeline","11":"product_tag-agenda","12":"product_tag-checklist","13":"product_tag-diario-do-bebe","15":"first","16":"instock","17":"shipping-taxable","18":"purchasable","19":"product-type-simple"},"acf":[],"tiered_pricing_type":"fixed","tiered_pricing_fixed_rules":[],"tiered_pricing_product_settings":{"layout":"default","base_unit_name":{"singular":null,"plural":null},"default_variation":null},"tiered_pricing_minimum_quantity":null,"tiered_pricing_roles_data":[],"tiered_pricing_percentage_rules":[],"_links":{"self":[{"href":"https:\/\/pergaminho.design\/en\/wp-json\/wp\/v2\/product\/14042","targetHints":{"allow":["GET"]}}],"collection":[{"href":"https:\/\/pergaminho.design\/en\/wp-json\/wp\/v2\/product"}],"about":[{"href":"https:\/\/pergaminho.design\/en\/wp-json\/wp\/v2\/types\/product"}],"replies":[{"embeddable":true,"href":"https:\/\/pergaminho.design\/en\/wp-json\/wp\/v2\/comments?post=14042"}],"version-history":[{"count":5,"href":"https:\/\/pergaminho.design\/en\/wp-json\/wp\/v2\/product\/14042\/revisions"}],"predecessor-version":[{"id":29033,"href":"https:\/\/pergaminho.design\/en\/wp-json\/wp\/v2\/product\/14042\/revisions\/29033"}],"wp:featuredmedia":[{"embeddable":true,"href":"https:\/\/pergaminho.design\/en\/wp-json\/wp\/v2\/media\/35882"}],"wp:attachment":[{"href":"https:\/\/pergaminho.design\/en\/wp-json\/wp\/v2\/media?parent=14042"}],"wp:term":[{"taxonomy":"product_brand","embeddable":true,"href":"https:\/\/pergaminho.design\/en\/wp-json\/wp\/v2\/product_brand?post=14042"},{"taxonomy":"product_cat","embeddable":true,"href":"https:\/\/pergaminho.design\/en\/wp-json\/wp\/v2\/product_cat?post=14042"},{"taxonomy":"product_tag","embeddable":true,"href":"https:\/\/pergaminho.design\/en\/wp-json\/wp\/v2\/product_tag?post=14042"}],"curies":[{"name":"wp","href":"https:\/\/api.w.org\/{rel}","templated":true}]}}