{"id":9794,"date":"2021-03-23T16:02:49","date_gmt":"2021-03-23T16:02:49","guid":{"rendered":"http:\/\/pergaminho-design.local\/?page_id=9794"},"modified":"2024-05-24T11:18:17","modified_gmt":"2024-05-24T11:18:17","slug":"metodos-de-pagamento","status":"publish","type":"page","link":"https:\/\/pergaminho.design\/en\/metodos-de-pagamento\/","title":{"rendered":"M\u00e9todos de Pagamento"},"content":{"rendered":"<div data-elementor-type=\"wp-page\" data-elementor-id=\"9794\" class=\"elementor elementor-9794\" data-elementor-post-type=\"page\">\n\t\t\t\t<div class=\"wd-negative-gap elementor-element elementor-element-fab1d3a wd-section-stretch e-flex e-con-boxed e-con e-parent\" data-id=\"fab1d3a\" data-element_type=\"container\" data-e-type=\"container\" data-settings=\"{&quot;background_background&quot;:&quot;classic&quot;}\">\n\t\t\t\t\t<div class=\"e-con-inner\">\n\t\t\t\t<div class=\"elementor-element elementor-element-e304db5 elementor-widget elementor-widget-heading\" data-id=\"e304db5\" data-element_type=\"widget\" data-e-type=\"widget\" data-widget_type=\"heading.default\">\n\t\t\t\t<div class=\"elementor-widget-container\">\n\t\t\t\t\t<h2 class=\"elementor-heading-title elementor-size-default\">M\u00e9todos de Pagamento<\/h2>\t\t\t\t<\/div>\n\t\t\t\t<\/div>\n\t\t\t\t\t<\/div>\n\t\t\t\t<\/div>\n\t\t<div class=\"wd-negative-gap elementor-element elementor-element-6b9873c e-flex e-con-boxed e-con e-parent\" data-id=\"6b9873c\" data-element_type=\"container\" data-e-type=\"container\">\n\t\t\t\t\t<div class=\"e-con-inner\">\n\t\t<div class=\"elementor-element elementor-element-a1464b2 e-con-full e-flex e-con e-child\" data-id=\"a1464b2\" data-element_type=\"container\" data-e-type=\"container\">\n\t\t\t\t<div class=\"elementor-element elementor-element-d29c4c3 color-scheme-inherit text-left elementor-widget elementor-widget-text-editor\" data-id=\"d29c4c3\" data-element_type=\"widget\" data-e-type=\"widget\" data-widget_type=\"text-editor.default\">\n\t\t\t\t<div class=\"elementor-widget-container\">\n\t\t\t\t\t\t\t\t\tA Pergaminho Design disponibiliza, para sua comodidade, v\u00e1rios meios de pagamento, sempre com seguran\u00e7a, nomeadamente Multibanco, MBWAY, Transfer\u00eancia Banc\u00e1ria, Cart\u00e3o de Cr\u00e9dito (Visa, Master Card).\t\t\t\t\t\t\t\t<\/div>\n\t\t\t\t<\/div>\n\t\t\t\t<div class=\"elementor-element elementor-element-9d06b7d elementor-position-left elementor-vertical-align-bottom elementor-vertical-align-top elementor-widget elementor-widget-image-box\" data-id=\"9d06b7d\" data-element_type=\"widget\" data-e-type=\"widget\" data-widget_type=\"image-box.default\">\n\t\t\t\t<div class=\"elementor-widget-container\">\n\t\t\t\t\t<div class=\"elementor-image-box-wrapper\"><figure class=\"elementor-image-box-img\"><img decoding=\"async\" width=\"105\" height=\"105\" src=\"https:\/\/pergaminho.design\/wp-content\/uploads\/2021\/03\/Pagamentos_Pergaminho-MB.png\" class=\"attachment-full size-full wp-image-9800\" alt=\"Icon verde de pagamento Multibanco\" srcset=\"https:\/\/pergaminho.design\/wp-content\/uploads\/2021\/03\/Pagamentos_Pergaminho-MB.png 105w, https:\/\/pergaminho.design\/wp-content\/uploads\/2021\/03\/Pagamentos_Pergaminho-MB-50x50.png 50w\" sizes=\"(max-width: 105px) 100vw, 105px\" \/><\/figure><div class=\"elementor-image-box-content\"><h3 class=\"elementor-image-box-title\">Multibanco<\/h3><p class=\"elementor-image-box-description\">Selecionando este meio de pagamento receber\u00e1 um email com uma refer\u00eancia para pagamento , em qualquer caixa Multibanco ou atrav\u00e9s do seu servi\u00e7o de homebanking.<\/p><\/div><\/div>\t\t\t\t<\/div>\n\t\t\t\t<\/div>\n\t\t\t\t<div class=\"elementor-element elementor-element-979b53b elementor-position-left elementor-vertical-align-bottom elementor-vertical-align-top elementor-widget elementor-widget-image-box\" data-id=\"979b53b\" data-element_type=\"widget\" data-e-type=\"widget\" data-widget_type=\"image-box.default\">\n\t\t\t\t<div class=\"elementor-widget-container\">\n\t\t\t\t\t<div class=\"elementor-image-box-wrapper\"><figure class=\"elementor-image-box-img\"><img decoding=\"async\" width=\"105\" height=\"105\" src=\"https:\/\/pergaminho.design\/wp-content\/uploads\/2021\/03\/Pagamentos_Pergaminho-MBWay.png\" class=\"attachment-full size-full wp-image-9801\" alt=\"Icon verde de pagemento MB Way\" srcset=\"https:\/\/pergaminho.design\/wp-content\/uploads\/2021\/03\/Pagamentos_Pergaminho-MBWay.png 105w, https:\/\/pergaminho.design\/wp-content\/uploads\/2021\/03\/Pagamentos_Pergaminho-MBWay-50x50.png 50w\" sizes=\"(max-width: 105px) 100vw, 105px\" \/><\/figure><div class=\"elementor-image-box-content\"><h3 class=\"elementor-image-box-title\">MBWay<\/h3><p class=\"elementor-image-box-description\">Selecionando este meio de pagamento receber\u00e1 um email com uma refer\u00eancia para pagamento , em qualquer caixa Multibanco ou atrav\u00e9s do seu servi\u00e7o de homebanking.<\/p><\/div><\/div>\t\t\t\t<\/div>\n\t\t\t\t<\/div>\n\t\t\t\t<div class=\"elementor-element elementor-element-33c2cc7 elementor-position-left elementor-vertical-align-bottom elementor-vertical-align-top elementor-widget elementor-widget-image-box\" data-id=\"33c2cc7\" data-element_type=\"widget\" data-e-type=\"widget\" data-widget_type=\"image-box.default\">\n\t\t\t\t<div class=\"elementor-widget-container\">\n\t\t\t\t\t<div class=\"elementor-image-box-wrapper\"><figure class=\"elementor-image-box-img\"><img decoding=\"async\" width=\"106\" height=\"105\" src=\"https:\/\/pergaminho.design\/wp-content\/uploads\/2021\/03\/Pagamentos_Pergaminho-Transferencia.png\" class=\"attachment-full size-full wp-image-9803\" alt=\"Icon verde com moedas e simbolo do dolar\" srcset=\"https:\/\/pergaminho.design\/wp-content\/uploads\/2021\/03\/Pagamentos_Pergaminho-Transferencia.png 106w, https:\/\/pergaminho.design\/wp-content\/uploads\/2021\/03\/Pagamentos_Pergaminho-Transferencia-50x50.png 50w\" sizes=\"(max-width: 106px) 100vw, 106px\" \/><\/figure><div class=\"elementor-image-box-content\"><h3 class=\"elementor-image-box-title\">Transfer\u00eancia Banc\u00e1ria<\/h3><p class=\"elementor-image-box-description\">Selecionando este meio de pagamento receber\u00e1 um email com os dados da conta banc\u00e1ria da Pergaminho Design, podendo efectuar efectuar transfer\u00eancia banc\u00e1ria ou dep\u00f3sito directo. Nesta op\u00e7\u00e3o dever\u00e1 enviar um email (para: ola@pergaminho.design) com o comprovativo de pagamento e com o respectivo n\u00famero de encomenda.<\/p><\/div><\/div>\t\t\t\t<\/div>\n\t\t\t\t<\/div>\n\t\t\t\t<div class=\"elementor-element elementor-element-a6c68e0 elementor-position-left elementor-vertical-align-bottom elementor-vertical-align-top elementor-widget elementor-widget-image-box\" data-id=\"a6c68e0\" data-element_type=\"widget\" data-e-type=\"widget\" data-widget_type=\"image-box.default\">\n\t\t\t\t<div class=\"elementor-widget-container\">\n\t\t\t\t\t<div class=\"elementor-image-box-wrapper\"><figure class=\"elementor-image-box-img\"><img loading=\"lazy\" decoding=\"async\" width=\"105\" height=\"105\" src=\"https:\/\/pergaminho.design\/wp-content\/uploads\/2021\/03\/Pagamentos_Pergaminho-MasterCard.png\" class=\"attachment-full size-full wp-image-9802\" alt=\"Icon verde mastercard\" srcset=\"https:\/\/pergaminho.design\/wp-content\/uploads\/2021\/03\/Pagamentos_Pergaminho-MasterCard.png 105w, https:\/\/pergaminho.design\/wp-content\/uploads\/2021\/03\/Pagamentos_Pergaminho-MasterCard-50x50.png 50w\" sizes=\"(max-width: 105px) 100vw, 105px\" \/><\/figure><div class=\"elementor-image-box-content\"><h3 class=\"elementor-image-box-title\">Cart\u00e3o de Cr\u00e9dito<\/h3><p class=\"elementor-image-box-description\">Selecionando este meio de pagamento poder\u00e1 pagar com VISA ou MASTERCARD, devendo inserir os dados do seu cart\u00e3o.\n<br>\nEm nenhum dos casos os seus dados banc\u00e1rios s\u00e3o armazenados nos nossos sistemas. A Pergaminho Design garante pagamentos com fiabilidade e seguran\u00e7a atrav\u00e9s do nosso parceiro EASYPAY (Uma das maiores plataformas de pagamento europeia, sendo os dados de pagamentos totalmente protegidos).\n<br>\nIndependentemente do m\u00e9todo de pagamento escolhido, a Pergaminho Design n\u00e3o cobra qualquer taxa adicional pelo pagamento. Apenas ser\u00e3o cobrados o valor dos produtos selecionados e os respectivos portes de envio.<\/p><\/div><\/div>\t\t\t\t<\/div>\n\t\t\t\t<\/div>\n\t\t\t\t<div class=\"elementor-element elementor-element-899c6fe elementor-position-left elementor-vertical-align-bottom elementor-vertical-align-top elementor-widget elementor-widget-image-box\" data-id=\"899c6fe\" data-element_type=\"widget\" data-e-type=\"widget\" data-widget_type=\"image-box.default\">\n\t\t\t\t<div class=\"elementor-widget-container\">\n\t\t\t\t\t<div class=\"elementor-image-box-wrapper\"><figure class=\"elementor-image-box-img\"><img loading=\"lazy\" decoding=\"async\" width=\"2112\" height=\"2123\" src=\"https:\/\/pergaminho.design\/wp-content\/uploads\/2024\/05\/Apple_Pay.png\" class=\"attachment-full size-full wp-image-30024\" alt=\"\" srcset=\"https:\/\/pergaminho.design\/wp-content\/uploads\/2024\/05\/Apple_Pay.png 2112w, https:\/\/pergaminho.design\/wp-content\/uploads\/2024\/05\/Apple_Pay-298x300.png 298w, https:\/\/pergaminho.design\/wp-content\/uploads\/2024\/05\/Apple_Pay-1019x1024.png 1019w, https:\/\/pergaminho.design\/wp-content\/uploads\/2024\/05\/Apple_Pay-150x151.png 150w, https:\/\/pergaminho.design\/wp-content\/uploads\/2024\/05\/Apple_Pay-768x772.png 768w, https:\/\/pergaminho.design\/wp-content\/uploads\/2024\/05\/Apple_Pay-1528x1536.png 1528w, https:\/\/pergaminho.design\/wp-content\/uploads\/2024\/05\/Apple_Pay-2037x2048.png 2037w, https:\/\/pergaminho.design\/wp-content\/uploads\/2024\/05\/Apple_Pay-12x12.png 12w, https:\/\/pergaminho.design\/wp-content\/uploads\/2024\/05\/Apple_Pay-1320x1327.png 1320w, https:\/\/pergaminho.design\/wp-content\/uploads\/2024\/05\/Apple_Pay-1000x1005.png 1000w\" sizes=\"(max-width: 2112px) 100vw, 2112px\" \/><\/figure><div class=\"elementor-image-box-content\"><h3 class=\"elementor-image-box-title\">Apple Pay<\/h3><p class=\"elementor-image-box-description\">Com a Apple Pay pode pagar com um simples toque ou olhar. Um m\u00e9todo mais f\u00e1cil, seguro e privado, onde n\u00e3o \u00e9 necess\u00e1rio o preenchimento de formul\u00e1rios.<\/p><\/div><\/div>\t\t\t\t<\/div>\n\t\t\t\t<\/div>\n\t\t\t\t<div class=\"elementor-element elementor-element-10c12c8 elementor-position-left elementor-vertical-align-bottom elementor-vertical-align-top elementor-widget elementor-widget-image-box\" data-id=\"10c12c8\" data-element_type=\"widget\" data-e-type=\"widget\" data-widget_type=\"image-box.default\">\n\t\t\t\t<div class=\"elementor-widget-container\">\n\t\t\t\t\t<div class=\"elementor-image-box-wrapper\"><figure class=\"elementor-image-box-img\"><img loading=\"lazy\" decoding=\"async\" width=\"2112\" height=\"2123\" src=\"https:\/\/pergaminho.design\/wp-content\/uploads\/2024\/05\/Google_Pay.png\" class=\"attachment-full size-full wp-image-30025\" alt=\"\" srcset=\"https:\/\/pergaminho.design\/wp-content\/uploads\/2024\/05\/Google_Pay.png 2112w, https:\/\/pergaminho.design\/wp-content\/uploads\/2024\/05\/Google_Pay-298x300.png 298w, https:\/\/pergaminho.design\/wp-content\/uploads\/2024\/05\/Google_Pay-1019x1024.png 1019w, https:\/\/pergaminho.design\/wp-content\/uploads\/2024\/05\/Google_Pay-150x151.png 150w, https:\/\/pergaminho.design\/wp-content\/uploads\/2024\/05\/Google_Pay-768x772.png 768w, https:\/\/pergaminho.design\/wp-content\/uploads\/2024\/05\/Google_Pay-1528x1536.png 1528w, https:\/\/pergaminho.design\/wp-content\/uploads\/2024\/05\/Google_Pay-2037x2048.png 2037w, https:\/\/pergaminho.design\/wp-content\/uploads\/2024\/05\/Google_Pay-12x12.png 12w, https:\/\/pergaminho.design\/wp-content\/uploads\/2024\/05\/Google_Pay-1320x1327.png 1320w, https:\/\/pergaminho.design\/wp-content\/uploads\/2024\/05\/Google_Pay-1000x1005.png 1000w\" sizes=\"(max-width: 2112px) 100vw, 2112px\" \/><\/figure><div class=\"elementor-image-box-content\"><h3 class=\"elementor-image-box-title\">Goole Pay<\/h3><p class=\"elementor-image-box-description\">Atrav\u00e9s do Google Pay pode pagar com um simples toque ou olhar. Um m\u00e9todo mais f\u00e1cil, seguro e privado, onde n\u00e3o \u00e9 necess\u00e1rio o preenchimento de formul\u00e1rios.<\/p><\/div><\/div>\t\t\t\t<\/div>\n\t\t\t\t<\/div>\n\t\t\t\t<\/div>\n\t\t\t\t\t<\/div>\n\t\t\t\t<\/div>\n\t\t\t\t<\/div>","protected":false},"excerpt":{"rendered":"<p>M\u00e9todos de Pagamento A Pergaminho Design disponibiliza, para sua comodidade, v\u00e1rios meios de pagamento, sempre com seguran\u00e7a, nomeadamente Multibanco, MBWAY,<\/p>","protected":false},"author":1,"featured_media":9706,"parent":0,"menu_order":0,"comment_status":"closed","ping_status":"closed","template":"","meta":{"_acf_changed":false,"footnotes":""},"class_list":["post-9794","page","type-page","status-publish","has-post-thumbnail","hentry"],"acf":[],"_links":{"self":[{"href":"https:\/\/pergaminho.design\/en\/wp-json\/wp\/v2\/pages\/9794","targetHints":{"allow":["GET"]}}],"collection":[{"href":"https:\/\/pergaminho.design\/en\/wp-json\/wp\/v2\/pages"}],"about":[{"href":"https:\/\/pergaminho.design\/en\/wp-json\/wp\/v2\/types\/page"}],"author":[{"embeddable":true,"href":"https:\/\/pergaminho.design\/en\/wp-json\/wp\/v2\/users\/1"}],"replies":[{"embeddable":true,"href":"https:\/\/pergaminho.design\/en\/wp-json\/wp\/v2\/comments?post=9794"}],"version-history":[{"count":5,"href":"https:\/\/pergaminho.design\/en\/wp-json\/wp\/v2\/pages\/9794\/revisions"}],"predecessor-version":[{"id":30028,"href":"https:\/\/pergaminho.design\/en\/wp-json\/wp\/v2\/pages\/9794\/revisions\/30028"}],"wp:featuredmedia":[{"embeddable":true,"href":"https:\/\/pergaminho.design\/en\/wp-json\/wp\/v2\/media\/9706"}],"wp:attachment":[{"href":"https:\/\/pergaminho.design\/en\/wp-json\/wp\/v2\/media?parent=9794"}],"curies":[{"name":"wp","href":"https:\/\/api.w.org\/{rel}","templated":true}]}}