{"id":30869,"date":"2024-06-09T21:14:48","date_gmt":"2024-06-09T21:14:48","guid":{"rendered":"https:\/\/pergaminho.design\/?page_id=30869"},"modified":"2025-04-13T10:08:15","modified_gmt":"2025-04-13T10:08:15","slug":"revenda-lojas","status":"publish","type":"page","link":"https:\/\/pergaminho.design\/en\/revenda-lojas\/","title":{"rendered":"Revenda &#8211; Lojas"},"content":{"rendered":"\t\t<div data-elementor-type=\"wp-page\" data-elementor-id=\"30869\" class=\"elementor elementor-30869\" data-elementor-post-type=\"page\">\n\t\t\t\t<div class=\"wd-negative-gap elementor-element elementor-element-ef37981 e-flex e-con-boxed e-con e-parent\" data-id=\"ef37981\" data-element_type=\"container\" data-e-type=\"container\">\n\t\t\t\t\t<div class=\"e-con-inner\">\n\t\t<div class=\"elementor-element elementor-element-b27e10e e-con-full e-flex e-con e-child\" data-id=\"b27e10e\" data-element_type=\"container\" data-e-type=\"container\">\n\t\t\t\t<div class=\"elementor-element elementor-element-c871090 elementor-widget elementor-widget-heading\" data-id=\"c871090\" data-element_type=\"widget\" data-e-type=\"widget\" data-widget_type=\"heading.default\">\n\t\t\t\t<div class=\"elementor-widget-container\">\n\t\t\t\t\t<h2 class=\"elementor-heading-title elementor-size-default\">Sou uma Loja<\/h2>\t\t\t\t<\/div>\n\t\t\t\t<\/div>\n\t\t\t\t<div class=\"elementor-element elementor-element-6e7c729 elementor-widget elementor-widget-heading\" data-id=\"6e7c729\" data-element_type=\"widget\" data-e-type=\"widget\" data-widget_type=\"heading.default\">\n\t\t\t\t<div class=\"elementor-widget-container\">\n\t\t\t\t\t<h1 class=\"elementor-heading-title elementor-size-default\">Revenda de Produtos<\/h1>\t\t\t\t<\/div>\n\t\t\t\t<\/div>\n\t\t\t\t<div class=\"elementor-element elementor-element-366c4af elementor-widget elementor-widget-wd_text_block\" data-id=\"366c4af\" data-element_type=\"widget\" data-e-type=\"widget\" data-widget_type=\"wd_text_block.default\">\n\t\t\t\t<div class=\"elementor-widget-container\">\n\t\t\t\t\t\t\t<div class=\"wd-text-block reset-last-child text-left\">\n\t\t\t\n\t\t\t<p>Na Pergaminho, entendemos que os detalhes fazem toda a diferen\u00e7a. \u00c9 por isso que criamos produtos, como a Agenda da Noiva e ainda produtos dedicados a beb\u00e9s e mam\u00e3s, que n\u00e3o apenas atendem, mas superam as expectativas dos seus clientes.<\/p><p>Ao integrar a nossa linha de produtos na sua loja, voc\u00ea estar\u00e1 a oferecer algo mais do que simples papelaria \u2013 estar\u00e1 a proporcionar uma experi\u00eancia \u00fanica que torna cada momento especial verdadeiramente memor\u00e1vel. Transforme a experi\u00eancia de compra dos seus clientes e veja como os nossos produtos podem elevar a sua oferta. Entre em contacto connosco hoje e descubra como podemos colaborar para criar mem\u00f3rias inesquec\u00edveis.<\/p>\n\t\t\t\t\t<\/div>\n\t\t\t\t\t\t<\/div>\n\t\t\t\t<\/div>\n\t\t\t\t<\/div>\n\t\t<div class=\"elementor-element elementor-element-75a81c5 e-con-full e-flex e-con e-child\" data-id=\"75a81c5\" data-element_type=\"container\" data-e-type=\"container\">\n\t\t\t\t<div class=\"elementor-element elementor-element-017082e elementor-widget elementor-widget-image\" data-id=\"017082e\" data-element_type=\"widget\" data-e-type=\"widget\" data-widget_type=\"image.default\">\n\t\t\t\t<div class=\"elementor-widget-container\">\n\t\t\t\t\t\t\t\t\t\t\t\t\t\t\t<img fetchpriority=\"high\" decoding=\"async\" width=\"2000\" height=\"1333\" src=\"https:\/\/pergaminho.design\/wp-content\/uploads\/2024\/06\/RevendaProdutos.jpg\" class=\"attachment-full size-full wp-image-30848\" alt=\"Di\u00e1rio do beb\u00e9 e milestones de cart\u00e3o exposto no balc\u00e3o de loja para beb\u00e9s\" srcset=\"https:\/\/pergaminho.design\/wp-content\/uploads\/2024\/06\/RevendaProdutos.jpg 2000w, https:\/\/pergaminho.design\/wp-content\/uploads\/2024\/06\/RevendaProdutos-300x200.jpg 300w, https:\/\/pergaminho.design\/wp-content\/uploads\/2024\/06\/RevendaProdutos-1024x682.jpg 1024w, https:\/\/pergaminho.design\/wp-content\/uploads\/2024\/06\/RevendaProdutos-768x512.jpg 768w, https:\/\/pergaminho.design\/wp-content\/uploads\/2024\/06\/RevendaProdutos-1536x1024.jpg 1536w, https:\/\/pergaminho.design\/wp-content\/uploads\/2024\/06\/RevendaProdutos-18x12.jpg 18w, https:\/\/pergaminho.design\/wp-content\/uploads\/2024\/06\/RevendaProdutos-1320x880.jpg 1320w, https:\/\/pergaminho.design\/wp-content\/uploads\/2024\/06\/RevendaProdutos-1000x667.jpg 1000w, https:\/\/pergaminho.design\/wp-content\/uploads\/2024\/06\/RevendaProdutos-150x100.jpg 150w\" sizes=\"(max-width: 2000px) 100vw, 2000px\" \/>\t\t\t\t\t\t\t\t\t\t\t\t\t\t\t<\/div>\n\t\t\t\t<\/div>\n\t\t\t\t<\/div>\n\t\t\t\t\t<\/div>\n\t\t\t\t<\/div>\n\t\t<div class=\"wd-negative-gap elementor-element elementor-element-e45ef98 wd-section-stretch e-flex e-con-boxed e-con e-parent\" data-id=\"e45ef98\" data-element_type=\"container\" data-e-type=\"container\" data-settings=\"{&quot;background_background&quot;:&quot;classic&quot;}\">\n\t\t\t\t\t<div class=\"e-con-inner\">\n\t\t<div class=\"elementor-element elementor-element-08a609e e-con-full e-flex e-con e-child\" data-id=\"08a609e\" data-element_type=\"container\" data-e-type=\"container\" data-settings=\"{&quot;background_background&quot;:&quot;classic&quot;}\">\n\t\t\t\t<div class=\"elementor-element elementor-element-4ab7b7e elementor-widget elementor-widget-heading\" data-id=\"4ab7b7e\" data-element_type=\"widget\" data-e-type=\"widget\" data-widget_type=\"heading.default\">\n\t\t\t\t<div class=\"elementor-widget-container\">\n\t\t\t\t\t<h2 class=\"elementor-heading-title elementor-size-default\">Pedir Informa\u00e7\u00e3o<\/h2>\t\t\t\t<\/div>\n\t\t\t\t<\/div>\n\t\t\t\t<div class=\"elementor-element elementor-element-ba1c092 elementor-widget elementor-widget-wd_text_block\" data-id=\"ba1c092\" data-element_type=\"widget\" data-e-type=\"widget\" data-widget_type=\"wd_text_block.default\">\n\t\t\t\t<div class=\"elementor-widget-container\">\n\t\t\t\t\t\t\t<div class=\"wd-text-block reset-last-child text-left\">\n\t\t\t\n\t\t\t<p><span style=\"font-weight: 400;\">Entre em contacto connosco para obter mais informa\u00e7\u00f5es sobre como se tornar um revendedor dos nossos produtos exclusivos. Estamos \u00e0 disposi\u00e7\u00e3o para responder a todas as tuas perguntas e ajudar a iniciar esta parceria de sucesso.<\/span><\/p>\n\t\t\t\t\t<\/div>\n\t\t\t\t\t\t<\/div>\n\t\t\t\t<\/div>\n\t\t\t\t<\/div>\n\t\t<div class=\"elementor-element elementor-element-599dc17 e-con-full e-flex e-con e-child\" data-id=\"599dc17\" data-element_type=\"container\" data-e-type=\"container\" data-settings=\"{&quot;background_background&quot;:&quot;classic&quot;}\">\n\t\t\t\t<div class=\"elementor-element elementor-element-d9ddd8b elementor-button-align-end elementor-widget elementor-widget-form\" data-id=\"d9ddd8b\" data-element_type=\"widget\" data-e-type=\"widget\" data-settings=\"{&quot;step_next_label&quot;:&quot;Next&quot;,&quot;step_previous_label&quot;:&quot;Anterior&quot;,&quot;button_width&quot;:&quot;100&quot;,&quot;step_type&quot;:&quot;number_text&quot;,&quot;step_icon_shape&quot;:&quot;circle&quot;}\" data-widget_type=\"form.default\">\n\t\t\t\t<div class=\"elementor-widget-container\">\n\t\t\t\t\t\t\t<form class=\"elementor-form\" method=\"post\" id=\"agendar\" name=\"Pedir Informa\u00e7\u00e3o - Revenda Lojas\" aria-label=\"Pedir Informa\u00e7\u00e3o - Revenda Lojas\">\n\t\t\t<input type=\"hidden\" name=\"post_id\" value=\"30869\"\/>\n\t\t\t<input type=\"hidden\" name=\"form_id\" value=\"d9ddd8b\"\/>\n\t\t\t<input type=\"hidden\" name=\"referer_title\" value=\"Revenda - Lojas - Pergaminho Design\" \/>\n\n\t\t\t\t\t\t\t<input type=\"hidden\" name=\"queried_id\" value=\"30869\"\/>\n\t\t\t\n\t\t\t<div class=\"elementor-form-fields-wrapper elementor-labels-\">\n\t\t\t\t\t\t\t\t<div class=\"elementor-field-type-text elementor-field-group elementor-column elementor-field-group-field_4a19322 elementor-col-50 elementor-md-100 elementor-field-required\">\n\t\t\t\t\t\t\t\t\t\t\t\t<label for=\"form-field-field_4a19322\" class=\"elementor-field-label elementor-screen-only\">\n\t\t\t\t\t\t\t\tNome\t\t\t\t\t\t\t<\/label>\n\t\t\t\t\t\t\t\t\t\t\t\t\t\t<input size=\"1\" type=\"text\" name=\"form_fields[field_4a19322]\" id=\"form-field-field_4a19322\" class=\"elementor-field elementor-size-sm  elementor-field-textual\" placeholder=\"Nome\" required=\"required\">\n\t\t\t\t\t\t\t\t\t\t\t<\/div>\n\t\t\t\t\t\t\t\t<div class=\"elementor-field-type-text elementor-field-group elementor-column elementor-field-group-negocio elementor-col-50 elementor-md-100 elementor-field-required\">\n\t\t\t\t\t\t\t\t\t\t\t\t<label for=\"form-field-negocio\" class=\"elementor-field-label elementor-screen-only\">\n\t\t\t\t\t\t\t\tNome Neg\u00f3cio\t\t\t\t\t\t\t<\/label>\n\t\t\t\t\t\t\t\t\t\t\t\t\t\t<input size=\"1\" type=\"text\" name=\"form_fields[negocio]\" id=\"form-field-negocio\" class=\"elementor-field elementor-size-sm  elementor-field-textual\" placeholder=\"Nome Neg\u00f3cio\" required=\"required\">\n\t\t\t\t\t\t\t\t\t\t\t<\/div>\n\t\t\t\t\t\t\t\t<div class=\"elementor-field-type-tel elementor-field-group elementor-column elementor-field-group-telemovel elementor-col-50 elementor-md-100\">\n\t\t\t\t\t\t\t\t\t\t\t\t<label for=\"form-field-telemovel\" class=\"elementor-field-label elementor-screen-only\">\n\t\t\t\t\t\t\t\tTelem\u00f3vel\t\t\t\t\t\t\t<\/label>\n\t\t\t\t\t\t\t\t<input size=\"1\" type=\"tel\" name=\"form_fields[telemovel]\" id=\"form-field-telemovel\" class=\"elementor-field elementor-size-sm  elementor-field-textual\" placeholder=\"Telem\u00f3vel\" pattern=\"[0-9()#&amp;+*-=.]+\" title=\"Only numbers and phone characters (#, -, *, etc) are accepted.\">\n\n\t\t\t\t\t\t<\/div>\n\t\t\t\t\t\t\t\t<div class=\"elementor-field-type-email elementor-field-group elementor-column elementor-field-group-email elementor-col-50 elementor-md-100 elementor-field-required\">\n\t\t\t\t\t\t\t\t\t\t\t\t<label for=\"form-field-email\" class=\"elementor-field-label elementor-screen-only\">\n\t\t\t\t\t\t\t\tEmail\t\t\t\t\t\t\t<\/label>\n\t\t\t\t\t\t\t\t\t\t\t\t\t\t<input size=\"1\" type=\"email\" name=\"form_fields[email]\" id=\"form-field-email\" class=\"elementor-field elementor-size-sm  elementor-field-textual\" placeholder=\"Email\" required=\"required\">\n\t\t\t\t\t\t\t\t\t\t\t<\/div>\n\t\t\t\t\t\t\t\t<div class=\"elementor-field-type-text elementor-field-group elementor-column elementor-field-group-cidade elementor-col-50 elementor-md-100 elementor-field-required\">\n\t\t\t\t\t\t\t\t\t\t\t\t<label for=\"form-field-cidade\" class=\"elementor-field-label elementor-screen-only\">\n\t\t\t\t\t\t\t\tCidade\t\t\t\t\t\t\t<\/label>\n\t\t\t\t\t\t\t\t\t\t\t\t\t\t<input size=\"1\" type=\"text\" name=\"form_fields[cidade]\" id=\"form-field-cidade\" class=\"elementor-field elementor-size-sm  elementor-field-textual\" placeholder=\"Cidade\" required=\"required\">\n\t\t\t\t\t\t\t\t\t\t\t<\/div>\n\t\t\t\t\t\t\t\t<div class=\"elementor-field-type-text elementor-field-group elementor-column elementor-field-group-tipo_negocio elementor-col-50 elementor-md-100 elementor-field-required\">\n\t\t\t\t\t\t\t\t\t\t\t\t<label for=\"form-field-tipo_negocio\" class=\"elementor-field-label elementor-screen-only\">\n\t\t\t\t\t\t\t\tTipo de Neg\u00f3cio\t\t\t\t\t\t\t<\/label>\n\t\t\t\t\t\t\t\t\t\t\t\t\t\t<input size=\"1\" type=\"text\" name=\"form_fields[tipo_negocio]\" id=\"form-field-tipo_negocio\" class=\"elementor-field elementor-size-sm  elementor-field-textual\" placeholder=\"Tipo de Neg\u00f3cio\" required=\"required\">\n\t\t\t\t\t\t\t\t\t\t\t<\/div>\n\t\t\t\t\t\t\t\t<div class=\"elementor-field-type-textarea elementor-field-group elementor-column elementor-field-group-field_06e1649 elementor-col-100\">\n\t\t\t\t\t<textarea class=\"elementor-field-textual elementor-field  elementor-size-sm\" name=\"form_fields[field_06e1649]\" id=\"form-field-field_06e1649\" rows=\"3\" placeholder=\"Escreva aqui as suas d\u00favidas\"><\/textarea>\t\t\t\t<\/div>\n\t\t\t\t\t\t\t\t<div class=\"elementor-field-type-acceptance elementor-field-group elementor-column elementor-field-group-field_9edc41b elementor-col-100 elementor-md-100 elementor-field-required\">\n\t\t\t\t\t\t\t<div class=\"elementor-field-subgroup\">\n\t\t\t<span class=\"elementor-field-option\">\n\t\t\t\t<input type=\"checkbox\" name=\"form_fields[field_9edc41b]\" id=\"form-field-field_9edc41b\" class=\"elementor-field elementor-size-sm  elementor-acceptance-field\" required=\"required\">\n\t\t\t\t<label for=\"form-field-field_9edc41b\">Concordo com a <a href=\"https:\/\/pergaminho.design\/politica-de-privacidade\/\"><u>Pol\u00edtica de Privacidade<\/u><\/A><\/label>\t\t\t<\/span>\n\t\t<\/div>\n\t\t\t\t\t\t<\/div>\n\t\t\t\t\t\t\t\t<div class=\"elementor-field-group elementor-column elementor-field-type-submit elementor-col-100 e-form__buttons\">\n\t\t\t\t\t<button class=\"elementor-button elementor-size-sm\" type=\"submit\" id=\"Agendar Reuni\u00e3o\">\n\t\t\t\t\t\t<span class=\"elementor-button-content-wrapper\">\n\t\t\t\t\t\t\t\t\t\t\t\t\t\t\t\t\t\t\t\t\t\t<span class=\"elementor-button-text\">ENVIAR<\/span>\n\t\t\t\t\t\t\t\t\t\t\t\t\t<\/span>\n\t\t\t\t\t<\/button>\n\t\t\t\t<\/div>\n\t\t\t<\/div>\n\t\t<\/form>\n\t\t\t\t\t\t<\/div>\n\t\t\t\t<\/div>\n\t\t\t\t<\/div>\n\t\t\t\t\t<\/div>\n\t\t\t\t<\/div>\n\t\t<div class=\"wd-negative-gap elementor-element elementor-element-1b9bdda e-flex e-con-boxed e-con e-parent\" data-id=\"1b9bdda\" data-element_type=\"container\" data-e-type=\"container\">\n\t\t\t\t\t<div class=\"e-con-inner\">\n\t\t\t\t<div class=\"elementor-element elementor-element-153d3fe elementor-widget elementor-widget-heading\" data-id=\"153d3fe\" data-element_type=\"widget\" data-e-type=\"widget\" data-widget_type=\"heading.default\">\n\t\t\t\t<div class=\"elementor-widget-container\">\n\t\t\t\t\t<h2 class=\"elementor-heading-title elementor-size-default\">Agende uma reuni\u00e3o e conte-nos um pouco mais sobre a vossa hist\u00f3ria, queremos ajudar a tornar o vosso dia ainda mais especial.<\/h2>\t\t\t\t<\/div>\n\t\t\t\t<\/div>\n\t\t\t\t\t<\/div>\n\t\t\t\t<\/div>\n\t\t<div class=\"wd-negative-gap elementor-element elementor-element-d0409f9 e-flex e-con-boxed e-con e-parent\" data-id=\"d0409f9\" data-element_type=\"container\" data-e-type=\"container\">\n\t\t\t\t\t<div class=\"e-con-inner\">\n\t\t<div class=\"elementor-element elementor-element-a0e38ea e-con-full e-flex e-con e-child\" data-id=\"a0e38ea\" data-element_type=\"container\" data-e-type=\"container\">\n\t\t<div class=\"wd-negative-gap elementor-element elementor-element-997925d e-flex e-con-boxed e-con e-child\" data-id=\"997925d\" data-element_type=\"container\" data-e-type=\"container\">\n\t\t\t\t\t<div class=\"e-con-inner\">\n\t\t\t\t<div class=\"elementor-element elementor-element-ac47b52 elementor-widget elementor-widget-image\" data-id=\"ac47b52\" data-element_type=\"widget\" data-e-type=\"widget\" data-widget_type=\"image.default\">\n\t\t\t\t<div class=\"elementor-widget-container\">\n\t\t\t\t\t\t\t\t\t\t\t\t\t\t\t<img decoding=\"async\" width=\"1124\" height=\"1124\" src=\"https:\/\/pergaminho.design\/wp-content\/uploads\/2024\/04\/reuniao_joana.png\" class=\"attachment-full size-full wp-image-26116\" alt=\"\" srcset=\"https:\/\/pergaminho.design\/wp-content\/uploads\/2024\/04\/reuniao_joana.png 1124w, https:\/\/pergaminho.design\/wp-content\/uploads\/2024\/04\/reuniao_joana-300x300.png 300w, https:\/\/pergaminho.design\/wp-content\/uploads\/2024\/04\/reuniao_joana-1024x1024.png 1024w, https:\/\/pergaminho.design\/wp-content\/uploads\/2024\/04\/reuniao_joana-150x150.png 150w, https:\/\/pergaminho.design\/wp-content\/uploads\/2024\/04\/reuniao_joana-768x768.png 768w, https:\/\/pergaminho.design\/wp-content\/uploads\/2024\/04\/reuniao_joana-12x12.png 12w, https:\/\/pergaminho.design\/wp-content\/uploads\/2024\/04\/reuniao_joana-1000x1000.png 1000w\" sizes=\"(max-width: 1124px) 100vw, 1124px\" \/>\t\t\t\t\t\t\t\t\t\t\t\t\t\t\t<\/div>\n\t\t\t\t<\/div>\n\t\t\t\t\t<\/div>\n\t\t\t\t<\/div>\n\t\t<div class=\"wd-negative-gap elementor-element elementor-element-df1221d e-flex e-con-boxed e-con e-child\" data-id=\"df1221d\" data-element_type=\"container\" data-e-type=\"container\">\n\t\t\t\t\t<div class=\"e-con-inner\">\n\t\t\t\t<div class=\"elementor-element elementor-element-132358c elementor-widget elementor-widget-heading\" data-id=\"132358c\" data-element_type=\"widget\" data-e-type=\"widget\" data-widget_type=\"heading.default\">\n\t\t\t\t<div class=\"elementor-widget-container\">\n\t\t\t\t\t<h2 class=\"elementor-heading-title elementor-size-default\">Joana Mendes<\/h2>\t\t\t\t<\/div>\n\t\t\t\t<\/div>\n\t\t\t\t<div class=\"elementor-element elementor-element-c734681 elementor-icon-list--layout-traditional elementor-list-item-link-full_width elementor-widget elementor-widget-icon-list\" data-id=\"c734681\" data-element_type=\"widget\" data-e-type=\"widget\" data-widget_type=\"icon-list.default\">\n\t\t\t\t<div class=\"elementor-widget-container\">\n\t\t\t\t\t\t\t<ul class=\"elementor-icon-list-items\">\n\t\t\t\t\t\t\t<li class=\"elementor-icon-list-item\">\n\t\t\t\t\t\t\t\t\t\t<span class=\"elementor-icon-list-text\">Gestora de Clientes<\/span>\n\t\t\t\t\t\t\t\t\t<\/li>\n\t\t\t\t\t\t<\/ul>\n\t\t\t\t\t\t<\/div>\n\t\t\t\t<\/div>\n\t\t\t\t<div class=\"elementor-element elementor-element-edabae7 elementor-icon-list--layout-traditional elementor-list-item-link-full_width elementor-widget elementor-widget-icon-list\" data-id=\"edabae7\" data-element_type=\"widget\" data-e-type=\"widget\" data-widget_type=\"icon-list.default\">\n\t\t\t\t<div class=\"elementor-widget-container\">\n\t\t\t\t\t\t\t<ul class=\"elementor-icon-list-items\">\n\t\t\t\t\t\t\t<li class=\"elementor-icon-list-item\">\n\t\t\t\t\t\t\t\t\t\t\t<a href=\"mailto:joana@pergaminho.design\">\n\n\t\t\t\t\t\t\t\t\t\t\t<span class=\"elementor-icon-list-text\">joana@pergaminho.design<\/span>\n\t\t\t\t\t\t\t\t\t\t\t<\/a>\n\t\t\t\t\t\t\t\t\t<\/li>\n\t\t\t\t\t\t<\/ul>\n\t\t\t\t\t\t<\/div>\n\t\t\t\t<\/div>\n\t\t\t\t<div class=\"elementor-element elementor-element-bbdf212 elementor-position-left elementor-position-left elementor-vertical-align-top elementor-vertical-align-top elementor-widget elementor-widget-image-box\" data-id=\"bbdf212\" data-element_type=\"widget\" data-e-type=\"widget\" data-widget_type=\"image-box.default\">\n\t\t\t\t<div class=\"elementor-widget-container\">\n\t\t\t\t\t<div class=\"elementor-image-box-wrapper\"><figure class=\"elementor-image-box-img\"><img decoding=\"async\" width=\"108\" height=\"49\" src=\"https:\/\/pergaminho.design\/wp-content\/uploads\/2024\/04\/contact.png\" class=\"attachment-full size-full wp-image-26121\" alt=\"\" srcset=\"https:\/\/pergaminho.design\/wp-content\/uploads\/2024\/04\/contact.png 108w, https:\/\/pergaminho.design\/wp-content\/uploads\/2024\/04\/contact-18x8.png 18w\" sizes=\"(max-width: 108px) 100vw, 108px\" \/><\/figure><div class=\"elementor-image-box-content\"><p class=\"elementor-image-box-description\"><a href=\"tel:+351910574497\"><\/a>916 074 566<\/p><\/div><\/div>\t\t\t\t<\/div>\n\t\t\t\t<\/div>\n\t\t\t\t\t<\/div>\n\t\t\t\t<\/div>\n\t\t\t\t<\/div>\n\t\t<div class=\"elementor-element elementor-element-9b09179 e-con-full e-flex e-con e-child\" data-id=\"9b09179\" data-element_type=\"container\" data-e-type=\"container\">\n\t\t<div class=\"wd-negative-gap elementor-element elementor-element-60b0788 e-flex e-con-boxed e-con e-child\" data-id=\"60b0788\" data-element_type=\"container\" data-e-type=\"container\">\n\t\t\t\t\t<div class=\"e-con-inner\">\n\t\t\t\t<div class=\"elementor-element elementor-element-1bc907c elementor-widget elementor-widget-image\" data-id=\"1bc907c\" data-element_type=\"widget\" data-e-type=\"widget\" data-widget_type=\"image.default\">\n\t\t\t\t<div class=\"elementor-widget-container\">\n\t\t\t\t\t\t\t\t\t\t\t\t\t\t\t<img loading=\"lazy\" decoding=\"async\" width=\"1163\" height=\"1163\" src=\"https:\/\/pergaminho.design\/wp-content\/uploads\/2025\/04\/inesmonteiro-team-pergaminho-rounded.webp\" class=\"attachment-full size-full wp-image-34145\" alt=\"\" srcset=\"https:\/\/pergaminho.design\/wp-content\/uploads\/2025\/04\/inesmonteiro-team-pergaminho-rounded.webp 1163w, https:\/\/pergaminho.design\/wp-content\/uploads\/2025\/04\/inesmonteiro-team-pergaminho-rounded-300x300.webp 300w, https:\/\/pergaminho.design\/wp-content\/uploads\/2025\/04\/inesmonteiro-team-pergaminho-rounded-1024x1024.webp 1024w, https:\/\/pergaminho.design\/wp-content\/uploads\/2025\/04\/inesmonteiro-team-pergaminho-rounded-150x150.webp 150w, https:\/\/pergaminho.design\/wp-content\/uploads\/2025\/04\/inesmonteiro-team-pergaminho-rounded-768x768.webp 768w, https:\/\/pergaminho.design\/wp-content\/uploads\/2025\/04\/inesmonteiro-team-pergaminho-rounded-12x12.webp 12w, https:\/\/pergaminho.design\/wp-content\/uploads\/2025\/04\/inesmonteiro-team-pergaminho-rounded-1000x1000.webp 1000w\" sizes=\"(max-width: 1163px) 100vw, 1163px\" \/>\t\t\t\t\t\t\t\t\t\t\t\t\t\t\t<\/div>\n\t\t\t\t<\/div>\n\t\t\t\t\t<\/div>\n\t\t\t\t<\/div>\n\t\t<div class=\"wd-negative-gap elementor-element elementor-element-803717f e-flex e-con-boxed e-con e-child\" data-id=\"803717f\" data-element_type=\"container\" data-e-type=\"container\">\n\t\t\t\t\t<div class=\"e-con-inner\">\n\t\t\t\t<div class=\"elementor-element elementor-element-3286855 elementor-widget elementor-widget-heading\" data-id=\"3286855\" data-element_type=\"widget\" data-e-type=\"widget\" data-widget_type=\"heading.default\">\n\t\t\t\t<div class=\"elementor-widget-container\">\n\t\t\t\t\t<h2 class=\"elementor-heading-title elementor-size-default\">In\u00eas Monteiro<\/h2>\t\t\t\t<\/div>\n\t\t\t\t<\/div>\n\t\t\t\t<div class=\"elementor-element elementor-element-c104aae elementor-icon-list--layout-traditional elementor-list-item-link-full_width elementor-widget elementor-widget-icon-list\" data-id=\"c104aae\" data-element_type=\"widget\" data-e-type=\"widget\" data-widget_type=\"icon-list.default\">\n\t\t\t\t<div class=\"elementor-widget-container\">\n\t\t\t\t\t\t\t<ul class=\"elementor-icon-list-items\">\n\t\t\t\t\t\t\t<li class=\"elementor-icon-list-item\">\n\t\t\t\t\t\t\t\t\t\t<span class=\"elementor-icon-list-text\">Gestora de Clientes<\/span>\n\t\t\t\t\t\t\t\t\t<\/li>\n\t\t\t\t\t\t<\/ul>\n\t\t\t\t\t\t<\/div>\n\t\t\t\t<\/div>\n\t\t\t\t<div class=\"elementor-element elementor-element-37d5eb8 elementor-icon-list--layout-traditional elementor-list-item-link-full_width elementor-widget elementor-widget-icon-list\" data-id=\"37d5eb8\" data-element_type=\"widget\" data-e-type=\"widget\" data-widget_type=\"icon-list.default\">\n\t\t\t\t<div class=\"elementor-widget-container\">\n\t\t\t\t\t\t\t<ul class=\"elementor-icon-list-items\">\n\t\t\t\t\t\t\t<li class=\"elementor-icon-list-item\">\n\t\t\t\t\t\t\t\t\t\t\t<a href=\"mailto:ines@pergaminho.design\">\n\n\t\t\t\t\t\t\t\t\t\t\t<span class=\"elementor-icon-list-text\">ines@pergaminho.design<\/span>\n\t\t\t\t\t\t\t\t\t\t\t<\/a>\n\t\t\t\t\t\t\t\t\t<\/li>\n\t\t\t\t\t\t<\/ul>\n\t\t\t\t\t\t<\/div>\n\t\t\t\t<\/div>\n\t\t\t\t<div class=\"elementor-element elementor-element-733b190 elementor-position-left elementor-position-left elementor-vertical-align-top elementor-vertical-align-top elementor-widget elementor-widget-image-box\" data-id=\"733b190\" data-element_type=\"widget\" data-e-type=\"widget\" data-widget_type=\"image-box.default\">\n\t\t\t\t<div class=\"elementor-widget-container\">\n\t\t\t\t\t<div class=\"elementor-image-box-wrapper\"><figure class=\"elementor-image-box-img\"><img decoding=\"async\" width=\"108\" height=\"49\" src=\"https:\/\/pergaminho.design\/wp-content\/uploads\/2024\/04\/contact.png\" class=\"attachment-full size-full wp-image-26121\" alt=\"\" srcset=\"https:\/\/pergaminho.design\/wp-content\/uploads\/2024\/04\/contact.png 108w, https:\/\/pergaminho.design\/wp-content\/uploads\/2024\/04\/contact-18x8.png 18w\" sizes=\"(max-width: 108px) 100vw, 108px\" \/><\/figure><div class=\"elementor-image-box-content\"><p class=\"elementor-image-box-description\"><a href=\"tel:+351912752529\"><\/a>912 752 529<\/p><\/div><\/div>\t\t\t\t<\/div>\n\t\t\t\t<\/div>\n\t\t\t\t\t<\/div>\n\t\t\t\t<\/div>\n\t\t\t\t<\/div>\n\t\t\t\t\t<\/div>\n\t\t\t\t<\/div>\n\t\t<div class=\"wd-negative-gap elementor-element elementor-element-067db02 e-flex e-con-boxed e-con e-parent\" data-id=\"067db02\" data-element_type=\"container\" data-e-type=\"container\">\n\t\t\t\t\t<div class=\"e-con-inner\">\n\t\t\t\t<div class=\"elementor-element elementor-element-0396693 elementor-widget__width-auto elementor-align-center elementor-mobile-align-left elementor-widget elementor-widget-button\" data-id=\"0396693\" data-element_type=\"widget\" data-e-type=\"widget\" data-widget_type=\"button.default\">\n\t\t\t\t<div class=\"elementor-widget-container\">\n\t\t\t\t\t\t\t\t\t<div class=\"elementor-button-wrapper\">\n\t\t\t\t\t<a class=\"elementor-button elementor-button-link elementor-size-sm\" href=\"https:\/\/pergaminho.design\/agendar-reuniao\/\">\n\t\t\t\t\t\t<span class=\"elementor-button-content-wrapper\">\n\t\t\t\t\t\t\t\t\t<span class=\"elementor-button-text\">AGENDAR REUNI\u00c3O<\/span>\n\t\t\t\t\t<\/span>\n\t\t\t\t\t<\/a>\n\t\t\t\t<\/div>\n\t\t\t\t\t\t\t\t<\/div>\n\t\t\t\t<\/div>\n\t\t\t\t\t<\/div>\n\t\t\t\t<\/div>\n\t\t\t\t<\/div>\n\t\t","protected":false},"excerpt":{"rendered":"<p>Sou uma Loja Revenda de Produtos Na Pergaminho, entendemos que os detalhes fazem toda a diferen\u00e7a. \u00c9 por isso que<\/p>","protected":false},"author":1,"featured_media":9779,"parent":0,"menu_order":0,"comment_status":"closed","ping_status":"closed","template":"","meta":{"_acf_changed":false,"footnotes":""},"class_list":["post-30869","page","type-page","status-publish","has-post-thumbnail","hentry"],"acf":[],"_links":{"self":[{"href":"https:\/\/pergaminho.design\/en\/wp-json\/wp\/v2\/pages\/30869","targetHints":{"allow":["GET"]}}],"collection":[{"href":"https:\/\/pergaminho.design\/en\/wp-json\/wp\/v2\/pages"}],"about":[{"href":"https:\/\/pergaminho.design\/en\/wp-json\/wp\/v2\/types\/page"}],"author":[{"embeddable":true,"href":"https:\/\/pergaminho.design\/en\/wp-json\/wp\/v2\/users\/1"}],"replies":[{"embeddable":true,"href":"https:\/\/pergaminho.design\/en\/wp-json\/wp\/v2\/comments?post=30869"}],"version-history":[{"count":5,"href":"https:\/\/pergaminho.design\/en\/wp-json\/wp\/v2\/pages\/30869\/revisions"}],"predecessor-version":[{"id":34151,"href":"https:\/\/pergaminho.design\/en\/wp-json\/wp\/v2\/pages\/30869\/revisions\/34151"}],"wp:featuredmedia":[{"embeddable":true,"href":"https:\/\/pergaminho.design\/en\/wp-json\/wp\/v2\/media\/9779"}],"wp:attachment":[{"href":"https:\/\/pergaminho.design\/en\/wp-json\/wp\/v2\/media?parent=30869"}],"curies":[{"name":"wp","href":"https:\/\/api.w.org\/{rel}","templated":true}]}}